{"id":18,"date":"2019-08-15T18:03:01","date_gmt":"2019-08-15T16:03:01","guid":{"rendered":"https:\/\/spedition-linne.de\/?page_id=18"},"modified":"2020-06-29T13:49:00","modified_gmt":"2020-06-29T11:49:00","slug":"unser-fuhrpark","status":"publish","type":"page","link":"https:\/\/www.spedition-linne.de\/?page_id=18","title":{"rendered":"Unser Fuhrpark"},"content":{"rendered":"\n<p>Unser gro\u00dfer Fuhrpark ist f\u00fcr jede Anforderung bereit und immer top gewartet. Die Fahrzeuge sind alle mit Hebeb\u00fchne und Hubwagen ausgestattet.<\/p>\n\n\n\n<p><\/p>\n\n\n\n<figure class=\"wp-block-gallery columns-3 is-cropped wp-block-gallery-1 is-layout-flex wp-block-gallery-is-layout-flex\"><ul class=\"blocks-gallery-grid\"><li class=\"blocks-gallery-item\"><figure><img loading=\"lazy\" decoding=\"async\" width=\"1600\" height=\"1200\" src=\"https:\/\/spedition-linne.de\/wp-content\/uploads\/2019\/08\/0003.jpg\" alt=\"\" data-id=\"201\" data-link=\"https:\/\/spedition-linne.de\/?attachment_id=201\" class=\"wp-image-201\"\/><\/figure><\/li><li class=\"blocks-gallery-item\"><figure><img loading=\"lazy\" decoding=\"async\" width=\"1600\" height=\"900\" src=\"https:\/\/spedition-linne.de\/wp-content\/uploads\/2019\/08\/0006.jpg\" alt=\"\" data-id=\"202\" data-link=\"https:\/\/spedition-linne.de\/?attachment_id=202\" class=\"wp-image-202\"\/><\/figure><\/li><li class=\"blocks-gallery-item\"><figure><img loading=\"lazy\" decoding=\"async\" width=\"1600\" height=\"900\" src=\"https:\/\/spedition-linne.de\/wp-content\/uploads\/2019\/08\/0014.jpg\" alt=\"\" data-id=\"203\" data-link=\"https:\/\/spedition-linne.de\/?attachment_id=203\" class=\"wp-image-203\"\/><\/figure><\/li><li class=\"blocks-gallery-item\"><figure><img loading=\"lazy\" decoding=\"async\" width=\"1600\" height=\"900\" src=\"https:\/\/spedition-linne.de\/wp-content\/uploads\/2019\/08\/0018.jpg\" alt=\"\" data-id=\"204\" data-link=\"https:\/\/spedition-linne.de\/?attachment_id=204\" class=\"wp-image-204\"\/><\/figure><\/li><li class=\"blocks-gallery-item\"><figure><img loading=\"lazy\" decoding=\"async\" width=\"1600\" height=\"900\" src=\"https:\/\/spedition-linne.de\/wp-content\/uploads\/2019\/08\/IMG-20190816-WA0003.jpg\" alt=\"\" data-id=\"205\" data-link=\"https:\/\/spedition-linne.de\/?attachment_id=205\" class=\"wp-image-205\"\/><\/figure><\/li><li class=\"blocks-gallery-item\"><figure><img loading=\"lazy\" decoding=\"async\" width=\"1600\" height=\"900\" src=\"https:\/\/spedition-linne.de\/wp-content\/uploads\/2019\/08\/IMG-20190816-WA0005.jpg\" alt=\"\" data-id=\"206\" data-link=\"https:\/\/spedition-linne.de\/?attachment_id=206\" class=\"wp-image-206\"\/><\/figure><\/li><li class=\"blocks-gallery-item\"><figure><img loading=\"lazy\" decoding=\"async\" width=\"1600\" height=\"900\" src=\"https:\/\/spedition-linne.de\/wp-content\/uploads\/2019\/08\/IMG-20190816-WA0008.jpg\" alt=\"\" data-id=\"207\" data-link=\"https:\/\/spedition-linne.de\/?attachment_id=207\" class=\"wp-image-207\"\/><\/figure><\/li><li class=\"blocks-gallery-item\"><figure><img loading=\"lazy\" decoding=\"async\" width=\"1600\" height=\"900\" src=\"https:\/\/spedition-linne.de\/wp-content\/uploads\/2019\/08\/IMG-20190816-WA0010.jpg\" alt=\"\" data-id=\"208\" data-link=\"https:\/\/spedition-linne.de\/?attachment_id=208\" class=\"wp-image-208\"\/><\/figure><\/li><li class=\"blocks-gallery-item\"><figure><img loading=\"lazy\" decoding=\"async\" width=\"1600\" height=\"900\" src=\"https:\/\/spedition-linne.de\/wp-content\/uploads\/2019\/08\/IMG-20190816-WA0017.jpg\" alt=\"\" data-id=\"209\" data-link=\"https:\/\/spedition-linne.de\/?attachment_id=209\" class=\"wp-image-209\"\/><\/figure><\/li><li class=\"blocks-gallery-item\"><figure><img loading=\"lazy\" decoding=\"async\" width=\"1600\" height=\"900\" src=\"https:\/\/spedition-linne.de\/wp-content\/uploads\/2019\/08\/IMG-20190816-WA0022.jpg\" alt=\"\" data-id=\"210\" data-link=\"https:\/\/spedition-linne.de\/?attachment_id=210\" class=\"wp-image-210\"\/><\/figure><\/li><li class=\"blocks-gallery-item\"><figure><img loading=\"lazy\" decoding=\"async\" width=\"1600\" height=\"1200\" src=\"https:\/\/spedition-linne.de\/wp-content\/uploads\/2019\/08\/IMG-20190816-WA0042.jpg\" alt=\"\" data-id=\"211\" data-link=\"https:\/\/spedition-linne.de\/?attachment_id=211\" class=\"wp-image-211\"\/><\/figure><\/li><\/ul><\/figure>\n","protected":false},"excerpt":{"rendered":"<p>Unser gro\u00dfer Fuhrpark ist f\u00fcr jede Anforderung bereit und immer top gewartet. Die Fahrzeuge sind alle mit Hebeb\u00fchne und Hubwagen ausgestattet.<\/p>\n","protected":false},"author":1,"featured_media":0,"parent":0,"menu_order":0,"comment_status":"closed","ping_status":"closed","template":"","meta":{"footnotes":""},"yoast_head":"<!-- This site is optimized with the Yoast SEO plugin v24.5 - https:\/\/yoast.com\/wordpress\/plugins\/seo\/ -->\n<title>Unser Fuhrpark - Spedition Linne<\/title>\n<meta name=\"robots\" content=\"index, follow, max-snippet:-1, max-image-preview:large, max-video-preview:-1\" \/>\n<link rel=\"canonical\" href=\"https:\/\/www.spedition-linne.de\/?page_id=18\" \/>\n<meta property=\"og:locale\" content=\"de_DE\" \/>\n<meta property=\"og:type\" content=\"article\" \/>\n<meta property=\"og:title\" content=\"Unser Fuhrpark - Spedition Linne\" \/>\n<meta property=\"og:description\" content=\"Unser gro\u00dfer Fuhrpark ist f\u00fcr jede Anforderung bereit und immer top gewartet. Die Fahrzeuge sind alle mit Hebeb\u00fchne und Hubwagen ausgestattet.\" \/>\n<meta property=\"og:url\" content=\"https:\/\/www.spedition-linne.de\/?page_id=18\" \/>\n<meta property=\"og:site_name\" content=\"Spedition Linne\" \/>\n<meta property=\"article:modified_time\" content=\"2020-06-29T11:49:00+00:00\" \/>\n<meta property=\"og:image\" content=\"https:\/\/spedition-linne.de\/wp-content\/uploads\/2019\/08\/0003.jpg\" \/>\n<meta name=\"twitter:card\" content=\"summary_large_image\" \/>\n<script type=\"application\/ld+json\" class=\"yoast-schema-graph\">{\"@context\":\"https:\/\/schema.org\",\"@graph\":[{\"@type\":\"WebPage\",\"@id\":\"https:\/\/www.spedition-linne.de\/?page_id=18\",\"url\":\"https:\/\/www.spedition-linne.de\/?page_id=18\",\"name\":\"Unser Fuhrpark - Spedition Linne\",\"isPartOf\":{\"@id\":\"https:\/\/www.spedition-linne.de\/#website\"},\"primaryImageOfPage\":{\"@id\":\"https:\/\/www.spedition-linne.de\/?page_id=18#primaryimage\"},\"image\":{\"@id\":\"https:\/\/www.spedition-linne.de\/?page_id=18#primaryimage\"},\"thumbnailUrl\":\"https:\/\/spedition-linne.de\/wp-content\/uploads\/2019\/08\/0003.jpg\",\"datePublished\":\"2019-08-15T16:03:01+00:00\",\"dateModified\":\"2020-06-29T11:49:00+00:00\",\"breadcrumb\":{\"@id\":\"https:\/\/www.spedition-linne.de\/?page_id=18#breadcrumb\"},\"inLanguage\":\"de\",\"potentialAction\":[{\"@type\":\"ReadAction\",\"target\":[\"https:\/\/www.spedition-linne.de\/?page_id=18\"]}]},{\"@type\":\"ImageObject\",\"inLanguage\":\"de\",\"@id\":\"https:\/\/www.spedition-linne.de\/?page_id=18#primaryimage\",\"url\":\"https:\/\/spedition-linne.de\/wp-content\/uploads\/2019\/08\/0003.jpg\",\"contentUrl\":\"https:\/\/spedition-linne.de\/wp-content\/uploads\/2019\/08\/0003.jpg\"},{\"@type\":\"BreadcrumbList\",\"@id\":\"https:\/\/www.spedition-linne.de\/?page_id=18#breadcrumb\",\"itemListElement\":[{\"@type\":\"ListItem\",\"position\":1,\"name\":\"Startseite\",\"item\":\"https:\/\/www.spedition-linne.de\/\"},{\"@type\":\"ListItem\",\"position\":2,\"name\":\"Unser Fuhrpark\"}]},{\"@type\":\"WebSite\",\"@id\":\"https:\/\/www.spedition-linne.de\/#website\",\"url\":\"https:\/\/www.spedition-linne.de\/\",\"name\":\"Spedition Linne\",\"description\":\"\",\"publisher\":{\"@id\":\"https:\/\/www.spedition-linne.de\/#organization\"},\"potentialAction\":[{\"@type\":\"SearchAction\",\"target\":{\"@type\":\"EntryPoint\",\"urlTemplate\":\"https:\/\/www.spedition-linne.de\/?s={search_term_string}\"},\"query-input\":{\"@type\":\"PropertyValueSpecification\",\"valueRequired\":true,\"valueName\":\"search_term_string\"}}],\"inLanguage\":\"de\"},{\"@type\":\"Organization\",\"@id\":\"https:\/\/www.spedition-linne.de\/#organization\",\"name\":\"Werner Linne GmbH & Co. KG\",\"url\":\"https:\/\/www.spedition-linne.de\/\",\"logo\":{\"@type\":\"ImageObject\",\"inLanguage\":\"de\",\"@id\":\"https:\/\/www.spedition-linne.de\/#\/schema\/logo\/image\/\",\"url\":\"https:\/\/www.spedition-linne.de\/wp-content\/uploads\/2019\/08\/LogoKlein.png\",\"contentUrl\":\"https:\/\/www.spedition-linne.de\/wp-content\/uploads\/2019\/08\/LogoKlein.png\",\"width\":800,\"height\":160,\"caption\":\"Werner Linne GmbH & Co. KG\"},\"image\":{\"@id\":\"https:\/\/www.spedition-linne.de\/#\/schema\/logo\/image\/\"}}]}<\/script>\n<!-- \/ Yoast SEO plugin. -->","yoast_head_json":{"title":"Unser Fuhrpark - Spedition Linne","robots":{"index":"index","follow":"follow","max-snippet":"max-snippet:-1","max-image-preview":"max-image-preview:large","max-video-preview":"max-video-preview:-1"},"canonical":"https:\/\/www.spedition-linne.de\/?page_id=18","og_locale":"de_DE","og_type":"article","og_title":"Unser Fuhrpark - Spedition Linne","og_description":"Unser gro\u00dfer Fuhrpark ist f\u00fcr jede Anforderung bereit und immer top gewartet. Die Fahrzeuge sind alle mit Hebeb\u00fchne und Hubwagen ausgestattet.","og_url":"https:\/\/www.spedition-linne.de\/?page_id=18","og_site_name":"Spedition Linne","article_modified_time":"2020-06-29T11:49:00+00:00","og_image":[{"url":"https:\/\/spedition-linne.de\/wp-content\/uploads\/2019\/08\/0003.jpg","type":"","width":"","height":""}],"twitter_card":"summary_large_image","schema":{"@context":"https:\/\/schema.org","@graph":[{"@type":"WebPage","@id":"https:\/\/www.spedition-linne.de\/?page_id=18","url":"https:\/\/www.spedition-linne.de\/?page_id=18","name":"Unser Fuhrpark - Spedition Linne","isPartOf":{"@id":"https:\/\/www.spedition-linne.de\/#website"},"primaryImageOfPage":{"@id":"https:\/\/www.spedition-linne.de\/?page_id=18#primaryimage"},"image":{"@id":"https:\/\/www.spedition-linne.de\/?page_id=18#primaryimage"},"thumbnailUrl":"https:\/\/spedition-linne.de\/wp-content\/uploads\/2019\/08\/0003.jpg","datePublished":"2019-08-15T16:03:01+00:00","dateModified":"2020-06-29T11:49:00+00:00","breadcrumb":{"@id":"https:\/\/www.spedition-linne.de\/?page_id=18#breadcrumb"},"inLanguage":"de","potentialAction":[{"@type":"ReadAction","target":["https:\/\/www.spedition-linne.de\/?page_id=18"]}]},{"@type":"ImageObject","inLanguage":"de","@id":"https:\/\/www.spedition-linne.de\/?page_id=18#primaryimage","url":"https:\/\/spedition-linne.de\/wp-content\/uploads\/2019\/08\/0003.jpg","contentUrl":"https:\/\/spedition-linne.de\/wp-content\/uploads\/2019\/08\/0003.jpg"},{"@type":"BreadcrumbList","@id":"https:\/\/www.spedition-linne.de\/?page_id=18#breadcrumb","itemListElement":[{"@type":"ListItem","position":1,"name":"Startseite","item":"https:\/\/www.spedition-linne.de\/"},{"@type":"ListItem","position":2,"name":"Unser Fuhrpark"}]},{"@type":"WebSite","@id":"https:\/\/www.spedition-linne.de\/#website","url":"https:\/\/www.spedition-linne.de\/","name":"Spedition Linne","description":"","publisher":{"@id":"https:\/\/www.spedition-linne.de\/#organization"},"potentialAction":[{"@type":"SearchAction","target":{"@type":"EntryPoint","urlTemplate":"https:\/\/www.spedition-linne.de\/?s={search_term_string}"},"query-input":{"@type":"PropertyValueSpecification","valueRequired":true,"valueName":"search_term_string"}}],"inLanguage":"de"},{"@type":"Organization","@id":"https:\/\/www.spedition-linne.de\/#organization","name":"Werner Linne GmbH & Co. KG","url":"https:\/\/www.spedition-linne.de\/","logo":{"@type":"ImageObject","inLanguage":"de","@id":"https:\/\/www.spedition-linne.de\/#\/schema\/logo\/image\/","url":"https:\/\/www.spedition-linne.de\/wp-content\/uploads\/2019\/08\/LogoKlein.png","contentUrl":"https:\/\/www.spedition-linne.de\/wp-content\/uploads\/2019\/08\/LogoKlein.png","width":800,"height":160,"caption":"Werner Linne GmbH & Co. KG"},"image":{"@id":"https:\/\/www.spedition-linne.de\/#\/schema\/logo\/image\/"}}]}},"_links":{"self":[{"href":"https:\/\/www.spedition-linne.de\/index.php?rest_route=\/wp\/v2\/pages\/18"}],"collection":[{"href":"https:\/\/www.spedition-linne.de\/index.php?rest_route=\/wp\/v2\/pages"}],"about":[{"href":"https:\/\/www.spedition-linne.de\/index.php?rest_route=\/wp\/v2\/types\/page"}],"author":[{"embeddable":true,"href":"https:\/\/www.spedition-linne.de\/index.php?rest_route=\/wp\/v2\/users\/1"}],"replies":[{"embeddable":true,"href":"https:\/\/www.spedition-linne.de\/index.php?rest_route=%2Fwp%2Fv2%2Fcomments&post=18"}],"version-history":[{"count":5,"href":"https:\/\/www.spedition-linne.de\/index.php?rest_route=\/wp\/v2\/pages\/18\/revisions"}],"predecessor-version":[{"id":305,"href":"https:\/\/www.spedition-linne.de\/index.php?rest_route=\/wp\/v2\/pages\/18\/revisions\/305"}],"wp:attachment":[{"href":"https:\/\/www.spedition-linne.de\/index.php?rest_route=%2Fwp%2Fv2%2Fmedia&parent=18"}],"curies":[{"name":"wp","href":"https:\/\/api.w.org\/{rel}","templated":true}]}}