{"id":55,"date":"2019-08-15T18:18:56","date_gmt":"2019-08-15T16:18:56","guid":{"rendered":"https:\/\/spedition-linne.de\/?page_id=55"},"modified":"2021-06-20T18:35:43","modified_gmt":"2021-06-20T16:35:43","slug":"leistungen","status":"publish","type":"page","link":"https:\/\/www.spedition-linne.de\/?page_id=55","title":{"rendered":"Leistungen"},"content":{"rendered":"\n<div class=\"wp-block-image\"><figure class=\"alignright size-large\"><img loading=\"lazy\" decoding=\"async\" width=\"1500\" height=\"1000\" src=\"https:\/\/www.spedition-linne.de\/wp-content\/uploads\/2020\/01\/Patrick_klein.jpg\" alt=\"\" class=\"wp-image-239\"\/><\/figure><\/div>\n\n\n\n<p>Die Spedition Linne bietet mit ihren potentiellen Partnern Speditionslogistik aus einer Hand. Unser Wettbewerbsvorteil besteht in den mittelst\u00e4ndischen und ungebundenen Strukturen des Unternehmens. F\u00fcr Sie bedeutet dies: Eine hohe Zuverl\u00e4ssigkeit, eine starke Partnerschaft sowie eine hohe Flexibilit\u00e4t, kurze Reaktionszeiten, exzellente Logistik ma\u00dfgeschneidert auf Ihr Unternehmen.<\/p>\n\n\n\n<h3 class=\"wp-block-heading\">TRUST IN Lagerlogistik<\/h3>\n\n\n\n<ul><li>25.000 m\u00b2 Hallenlagerfl\u00e4che \u2013 Sichere Lager f\u00fcr Ihre G\u00fcter. Verkehrsg\u00fcnstig gelegen und somit immer schnell verf\u00fcgbar<\/li><\/ul>\n\n\n\n<h3 class=\"wp-block-heading\">TRUST IN Speditions-Leistungen<\/h3>\n\n\n\n<ul><li>Nationaler St\u00fcckgut-Linienverkehr innerhalb von 24\/48 Stunden.<\/li><\/ul>\n\n\n\n<ul><li>Bundesweit fl\u00e4chendeckender St\u00fcckgut-Systemverkehr innerhalb von 24\/48 Stunden. <\/li><\/ul>\n\n\n\n<ul><li>24\/48 Stunden Paketversand in Kooperation mit namhaften Paket-Dienstleistern, G\u00fcterumschlag, Warenverteilung und City-Logistik.<\/li><\/ul>\n\n\n\n<ul><li>Nationaler Ladungsverkehr innerhalb von 24 Stunden.<\/li><\/ul>\n\n\n\n<ul><li>Internationale St\u00fcckgut- und Ladungsverkehre, Export \/ Import, Verschiffung und Verzollung.<\/li><\/ul>\n\n\n\n<h3 class=\"wp-block-heading\">TRUST IN Logistik-Leistungen<br><\/h3>\n\n\n\n<ul><li>Ma\u00dfgeschneiderte Logistik-Konzepte und Beratung nach Ihren W\u00fcnschen. <\/li><\/ul>\n\n\n\n<ul><li>Betriebsbezogene Logistik in Zusammenarbeit mit Ihrem Konzept und auf Ihre Produktion und Ihren Vertrieb abgestimmt. <\/li><\/ul>\n\n\n\n<ul><li>Organisierte Transporte von volumin\u00f6sen und hoch-sensiblen G\u00fctern ohne Umschlag, Werksverkehre, Kurierdienste.<\/li><\/ul>\n\n\n\n<p><strong>Wir beraten Sie gern bei der Erstellung eines ma\u00dfgeschneiderten Logistikkonzepts.   <\/strong> <\/p>\n\n\n<p><!--EndFragment--><\/p>","protected":false},"excerpt":{"rendered":"<p>Die Spedition Linne bietet mit ihren potentiellen Partnern Speditionslogistik aus einer Hand. Unser Wettbewerbsvorteil besteht in den mittelst\u00e4ndischen und ungebundenen Strukturen des Unternehmens. F\u00fcr Sie bedeutet dies: Eine hohe Zuverl\u00e4ssigkeit, eine starke Partnerschaft sowie eine hohe Flexibilit\u00e4t, kurze Reaktionszeiten, exzellente Logistik ma\u00dfgeschneidert auf Ihr Unternehmen. TRUST IN Lagerlogistik 25.000 m\u00b2&#8230;<\/p>\n","protected":false},"author":1,"featured_media":0,"parent":0,"menu_order":0,"comment_status":"closed","ping_status":"closed","template":"","meta":{"footnotes":""},"yoast_head":"<!-- This site is optimized with the Yoast SEO plugin v24.5 - https:\/\/yoast.com\/wordpress\/plugins\/seo\/ -->\n<title>Leistungen - Spedition Linne<\/title>\n<meta name=\"robots\" content=\"index, follow, max-snippet:-1, max-image-preview:large, max-video-preview:-1\" \/>\n<link rel=\"canonical\" href=\"https:\/\/www.spedition-linne.de\/?page_id=55\" \/>\n<meta property=\"og:locale\" content=\"de_DE\" \/>\n<meta property=\"og:type\" content=\"article\" \/>\n<meta property=\"og:title\" content=\"Leistungen - Spedition Linne\" \/>\n<meta property=\"og:description\" content=\"Die Spedition Linne bietet mit ihren potentiellen Partnern Speditionslogistik aus einer Hand. Unser Wettbewerbsvorteil besteht in den mittelst\u00e4ndischen und ungebundenen Strukturen des Unternehmens. F\u00fcr Sie bedeutet dies: Eine hohe Zuverl\u00e4ssigkeit, eine starke Partnerschaft sowie eine hohe Flexibilit\u00e4t, kurze Reaktionszeiten, exzellente Logistik ma\u00dfgeschneidert auf Ihr Unternehmen. TRUST IN Lagerlogistik 25.000 m\u00b2...\" \/>\n<meta property=\"og:url\" content=\"https:\/\/www.spedition-linne.de\/?page_id=55\" \/>\n<meta property=\"og:site_name\" content=\"Spedition Linne\" \/>\n<meta property=\"article:modified_time\" content=\"2021-06-20T16:35:43+00:00\" \/>\n<meta property=\"og:image\" content=\"https:\/\/www.spedition-linne.de\/wp-content\/uploads\/2020\/01\/Patrick_klein.jpg\" \/>\n<meta name=\"twitter:card\" content=\"summary_large_image\" \/>\n<meta name=\"twitter:label1\" content=\"Gesch\u00e4tzte Lesezeit\" \/>\n\t<meta name=\"twitter:data1\" content=\"1\u00a0Minute\" \/>\n<script type=\"application\/ld+json\" class=\"yoast-schema-graph\">{\"@context\":\"https:\/\/schema.org\",\"@graph\":[{\"@type\":\"WebPage\",\"@id\":\"https:\/\/www.spedition-linne.de\/?page_id=55\",\"url\":\"https:\/\/www.spedition-linne.de\/?page_id=55\",\"name\":\"Leistungen - Spedition Linne\",\"isPartOf\":{\"@id\":\"https:\/\/www.spedition-linne.de\/#website\"},\"primaryImageOfPage\":{\"@id\":\"https:\/\/www.spedition-linne.de\/?page_id=55#primaryimage\"},\"image\":{\"@id\":\"https:\/\/www.spedition-linne.de\/?page_id=55#primaryimage\"},\"thumbnailUrl\":\"https:\/\/www.spedition-linne.de\/wp-content\/uploads\/2020\/01\/Patrick_klein.jpg\",\"datePublished\":\"2019-08-15T16:18:56+00:00\",\"dateModified\":\"2021-06-20T16:35:43+00:00\",\"breadcrumb\":{\"@id\":\"https:\/\/www.spedition-linne.de\/?page_id=55#breadcrumb\"},\"inLanguage\":\"de\",\"potentialAction\":[{\"@type\":\"ReadAction\",\"target\":[\"https:\/\/www.spedition-linne.de\/?page_id=55\"]}]},{\"@type\":\"ImageObject\",\"inLanguage\":\"de\",\"@id\":\"https:\/\/www.spedition-linne.de\/?page_id=55#primaryimage\",\"url\":\"https:\/\/www.spedition-linne.de\/wp-content\/uploads\/2020\/01\/Patrick_klein.jpg\",\"contentUrl\":\"https:\/\/www.spedition-linne.de\/wp-content\/uploads\/2020\/01\/Patrick_klein.jpg\",\"width\":1500,\"height\":1000},{\"@type\":\"BreadcrumbList\",\"@id\":\"https:\/\/www.spedition-linne.de\/?page_id=55#breadcrumb\",\"itemListElement\":[{\"@type\":\"ListItem\",\"position\":1,\"name\":\"Startseite\",\"item\":\"https:\/\/www.spedition-linne.de\/\"},{\"@type\":\"ListItem\",\"position\":2,\"name\":\"Leistungen\"}]},{\"@type\":\"WebSite\",\"@id\":\"https:\/\/www.spedition-linne.de\/#website\",\"url\":\"https:\/\/www.spedition-linne.de\/\",\"name\":\"Spedition Linne\",\"description\":\"\",\"publisher\":{\"@id\":\"https:\/\/www.spedition-linne.de\/#organization\"},\"potentialAction\":[{\"@type\":\"SearchAction\",\"target\":{\"@type\":\"EntryPoint\",\"urlTemplate\":\"https:\/\/www.spedition-linne.de\/?s={search_term_string}\"},\"query-input\":{\"@type\":\"PropertyValueSpecification\",\"valueRequired\":true,\"valueName\":\"search_term_string\"}}],\"inLanguage\":\"de\"},{\"@type\":\"Organization\",\"@id\":\"https:\/\/www.spedition-linne.de\/#organization\",\"name\":\"Werner Linne GmbH & Co. KG\",\"url\":\"https:\/\/www.spedition-linne.de\/\",\"logo\":{\"@type\":\"ImageObject\",\"inLanguage\":\"de\",\"@id\":\"https:\/\/www.spedition-linne.de\/#\/schema\/logo\/image\/\",\"url\":\"https:\/\/www.spedition-linne.de\/wp-content\/uploads\/2019\/08\/LogoKlein.png\",\"contentUrl\":\"https:\/\/www.spedition-linne.de\/wp-content\/uploads\/2019\/08\/LogoKlein.png\",\"width\":800,\"height\":160,\"caption\":\"Werner Linne GmbH & Co. KG\"},\"image\":{\"@id\":\"https:\/\/www.spedition-linne.de\/#\/schema\/logo\/image\/\"}}]}<\/script>\n<!-- \/ Yoast SEO plugin. -->","yoast_head_json":{"title":"Leistungen - Spedition Linne","robots":{"index":"index","follow":"follow","max-snippet":"max-snippet:-1","max-image-preview":"max-image-preview:large","max-video-preview":"max-video-preview:-1"},"canonical":"https:\/\/www.spedition-linne.de\/?page_id=55","og_locale":"de_DE","og_type":"article","og_title":"Leistungen - Spedition Linne","og_description":"Die Spedition Linne bietet mit ihren potentiellen Partnern Speditionslogistik aus einer Hand. Unser Wettbewerbsvorteil besteht in den mittelst\u00e4ndischen und ungebundenen Strukturen des Unternehmens. F\u00fcr Sie bedeutet dies: Eine hohe Zuverl\u00e4ssigkeit, eine starke Partnerschaft sowie eine hohe Flexibilit\u00e4t, kurze Reaktionszeiten, exzellente Logistik ma\u00dfgeschneidert auf Ihr Unternehmen. TRUST IN Lagerlogistik 25.000 m\u00b2...","og_url":"https:\/\/www.spedition-linne.de\/?page_id=55","og_site_name":"Spedition Linne","article_modified_time":"2021-06-20T16:35:43+00:00","og_image":[{"url":"https:\/\/www.spedition-linne.de\/wp-content\/uploads\/2020\/01\/Patrick_klein.jpg","type":"","width":"","height":""}],"twitter_card":"summary_large_image","twitter_misc":{"Gesch\u00e4tzte Lesezeit":"1\u00a0Minute"},"schema":{"@context":"https:\/\/schema.org","@graph":[{"@type":"WebPage","@id":"https:\/\/www.spedition-linne.de\/?page_id=55","url":"https:\/\/www.spedition-linne.de\/?page_id=55","name":"Leistungen - Spedition Linne","isPartOf":{"@id":"https:\/\/www.spedition-linne.de\/#website"},"primaryImageOfPage":{"@id":"https:\/\/www.spedition-linne.de\/?page_id=55#primaryimage"},"image":{"@id":"https:\/\/www.spedition-linne.de\/?page_id=55#primaryimage"},"thumbnailUrl":"https:\/\/www.spedition-linne.de\/wp-content\/uploads\/2020\/01\/Patrick_klein.jpg","datePublished":"2019-08-15T16:18:56+00:00","dateModified":"2021-06-20T16:35:43+00:00","breadcrumb":{"@id":"https:\/\/www.spedition-linne.de\/?page_id=55#breadcrumb"},"inLanguage":"de","potentialAction":[{"@type":"ReadAction","target":["https:\/\/www.spedition-linne.de\/?page_id=55"]}]},{"@type":"ImageObject","inLanguage":"de","@id":"https:\/\/www.spedition-linne.de\/?page_id=55#primaryimage","url":"https:\/\/www.spedition-linne.de\/wp-content\/uploads\/2020\/01\/Patrick_klein.jpg","contentUrl":"https:\/\/www.spedition-linne.de\/wp-content\/uploads\/2020\/01\/Patrick_klein.jpg","width":1500,"height":1000},{"@type":"BreadcrumbList","@id":"https:\/\/www.spedition-linne.de\/?page_id=55#breadcrumb","itemListElement":[{"@type":"ListItem","position":1,"name":"Startseite","item":"https:\/\/www.spedition-linne.de\/"},{"@type":"ListItem","position":2,"name":"Leistungen"}]},{"@type":"WebSite","@id":"https:\/\/www.spedition-linne.de\/#website","url":"https:\/\/www.spedition-linne.de\/","name":"Spedition Linne","description":"","publisher":{"@id":"https:\/\/www.spedition-linne.de\/#organization"},"potentialAction":[{"@type":"SearchAction","target":{"@type":"EntryPoint","urlTemplate":"https:\/\/www.spedition-linne.de\/?s={search_term_string}"},"query-input":{"@type":"PropertyValueSpecification","valueRequired":true,"valueName":"search_term_string"}}],"inLanguage":"de"},{"@type":"Organization","@id":"https:\/\/www.spedition-linne.de\/#organization","name":"Werner Linne GmbH & Co. KG","url":"https:\/\/www.spedition-linne.de\/","logo":{"@type":"ImageObject","inLanguage":"de","@id":"https:\/\/www.spedition-linne.de\/#\/schema\/logo\/image\/","url":"https:\/\/www.spedition-linne.de\/wp-content\/uploads\/2019\/08\/LogoKlein.png","contentUrl":"https:\/\/www.spedition-linne.de\/wp-content\/uploads\/2019\/08\/LogoKlein.png","width":800,"height":160,"caption":"Werner Linne GmbH & Co. KG"},"image":{"@id":"https:\/\/www.spedition-linne.de\/#\/schema\/logo\/image\/"}}]}},"_links":{"self":[{"href":"https:\/\/www.spedition-linne.de\/index.php?rest_route=\/wp\/v2\/pages\/55"}],"collection":[{"href":"https:\/\/www.spedition-linne.de\/index.php?rest_route=\/wp\/v2\/pages"}],"about":[{"href":"https:\/\/www.spedition-linne.de\/index.php?rest_route=\/wp\/v2\/types\/page"}],"author":[{"embeddable":true,"href":"https:\/\/www.spedition-linne.de\/index.php?rest_route=\/wp\/v2\/users\/1"}],"replies":[{"embeddable":true,"href":"https:\/\/www.spedition-linne.de\/index.php?rest_route=%2Fwp%2Fv2%2Fcomments&post=55"}],"version-history":[{"count":26,"href":"https:\/\/www.spedition-linne.de\/index.php?rest_route=\/wp\/v2\/pages\/55\/revisions"}],"predecessor-version":[{"id":343,"href":"https:\/\/www.spedition-linne.de\/index.php?rest_route=\/wp\/v2\/pages\/55\/revisions\/343"}],"wp:attachment":[{"href":"https:\/\/www.spedition-linne.de\/index.php?rest_route=%2Fwp%2Fv2%2Fmedia&parent=55"}],"curies":[{"name":"wp","href":"https:\/\/api.w.org\/{rel}","templated":true}]}}