{"id":68,"date":"2019-08-15T18:21:33","date_gmt":"2019-08-15T16:21:33","guid":{"rendered":"https:\/\/spedition-linne.de\/?page_id=68"},"modified":"2021-01-19T14:59:14","modified_gmt":"2021-01-19T13:59:14","slug":"kontakt","status":"publish","type":"page","link":"https:\/\/www.spedition-linne.de\/?page_id=68","title":{"rendered":"Impressum"},"content":{"rendered":"\n<figure class=\"wp-block-table\"><table><tbody><tr><td>Angaben gem\u00e4\u00df \u00a7 5 TMG:<br><br>E-Mail: kontakt@spedition-linne.de<br><br><br><strong>Werner Linne GmbH &amp; Co. KG<\/strong><br>Boschstr. 1 <br>32107 Bad Salzuflen<br><br>Amtsgericht Lemgo HR A 664<br>Sitz: Bad Salzuflen<br><br>Die Werner Linne GmbH &amp; Co. KG wird vertreten durch die pers\u00f6nlich haftende Gesellschafterin: Spedition Linne GmbH, Boschstr. 3, 32107 Bad Salzuflen, Registergericht: Amtsgericht Lemgo, HRB 10198. Diese wird durch den <strong>Gesch\u00e4ftsf\u00fchrer Patrick Linne<\/strong> vertreten.<br><br>USt. ID. No.: DE 124610281<br><br>Erlaubnisbeh\u00f6rden gem. \u00a7 5 Abs. 1 Nr. 3 TMG:<br><br>1.) Kreis Lippe, Der Landrat, Fachgebiet 2.2 , 32754 Detmold, Felix-Fechenbach-Str. 5, 32756 Detmold<br><br>2.) Bundesamt f\u00fcr G\u00fcterverkehr, Werderstr. 34, 50672 K\u00f6ln<br><br>Telefon:\u00a0<br>05222 \/ 36962-0\u00a0<br>05222 \/ 7102<br>Fax:<br>05222\/797207<br><br>Post:<br>Postfach 5106<br>32088 Bad Salzuflen<\/td><td><br><\/td><\/tr><\/tbody><\/table><\/figure>\n\n\n\n<h2 class=\"wp-block-heading\">Streitschlichtung<\/h2>\n\n\n\n<p>Die Europ\u00e4ische Kommission stellt eine Plattform zur Online-Streitbeilegung (OS) bereit:&nbsp;<a href=\"https:\/\/ec.europa.eu\/consumers\/odr\" target=\"_blank\" rel=\"noreferrer noopener\">https:\/\/ec.europa.eu\/consumers\/odr<\/a>.<br>Unsere E-Mail-Adresse finden Sie oben im Impressum.<\/p>\n\n\n\n<p>Wir sind nicht bereit oder verpflichtet, an Streitbeilegungsverfahren vor einer Verbraucherschlichtungsstelle teilzunehmen.<\/p>\n\n\n\n<h3 class=\"wp-block-heading\">Haftung f\u00fcr Inhalte<\/h3>\n\n\n\n<p>Als Diensteanbieter sind wir gem\u00e4\u00df \u00a7 7 Abs.1 TMG f\u00fcr eigene Inhalte auf diesen Seiten nach den allgemeinen Gesetzen verantwortlich. Nach \u00a7\u00a7 8 bis 10 TMG sind wir als Diensteanbieter jedoch nicht verpflichtet, \u00fcbermittelte oder gespeicherte fremde Informationen zu \u00fcberwachen oder nach Umst\u00e4nden zu forschen, die auf eine rechtswidrige T\u00e4tigkeit hinweisen.<\/p>\n\n\n\n<p>Verpflichtungen zur Entfernung oder Sperrung der Nutzung von Informationen nach den allgemeinen Gesetzen bleiben hiervon unber\u00fchrt. Eine diesbez\u00fcgliche Haftung ist jedoch erst ab dem Zeitpunkt der Kenntnis einer konkreten Rechtsverletzung m\u00f6glich. Bei Bekanntwerden von entsprechenden Rechtsverletzungen werden wir diese Inhalte umgehend entfernen.<\/p>\n\n\n\n<h3 class=\"wp-block-heading\">Haftung f\u00fcr Links<\/h3>\n\n\n\n<p>Unser Angebot enth\u00e4lt Links zu externen Websites Dritter, auf deren Inhalte wir keinen Einfluss haben. Deshalb k\u00f6nnen wir f\u00fcr diese fremden Inhalte auch keine Gew\u00e4hr \u00fcbernehmen. F\u00fcr die Inhalte der verlinkten Seiten ist stets der jeweilige Anbieter oder Betreiber der Seiten verantwortlich. Die verlinkten Seiten wurden zum Zeitpunkt der Verlinkung auf m\u00f6gliche Rechtsverst\u00f6\u00dfe \u00fcberpr\u00fcft. Rechtswidrige Inhalte waren zum Zeitpunkt der Verlinkung nicht erkennbar.<\/p>\n\n\n\n<p>Eine permanente inhaltliche Kontrolle der verlinkten Seiten ist jedoch ohne konkrete Anhaltspunkte einer Rechtsverletzung nicht zumutbar. Bei Bekanntwerden von Rechtsverletzungen werden wir derartige Links umgehend entfernen.<\/p>\n\n\n\n<h3 class=\"wp-block-heading\">Urheberrecht<\/h3>\n\n\n\n<p>Die durch die Seitenbetreiber erstellten Inhalte und Werke auf diesen Seiten unterliegen dem deutschen Urheberrecht. Die Vervielf\u00e4ltigung, Bearbeitung, Verbreitung und jede Art der Verwertung au\u00dferhalb der Grenzen des Urheberrechtes bed\u00fcrfen der schriftlichen Zustimmung des jeweiligen Autors bzw. Erstellers. Downloads und Kopien dieser Seite sind nur f\u00fcr den privaten, nicht kommerziellen Gebrauch gestattet.<\/p>\n\n\n\n<p>Soweit die Inhalte auf dieser Seite nicht vom Betreiber erstellt wurden, werden die Urheberrechte Dritter beachtet. Insbesondere werden Inhalte Dritter als solche gekennzeichnet. Sollten Sie trotzdem auf eine Urheberrechtsverletzung aufmerksam werden, bitten wir um einen entsprechenden Hinweis. Bei Bekanntwerden von Rechtsverletzungen werden wir derartige Inhalte umgehend entfernen.<\/p>\n\n\n\n<p>Quelle:&nbsp;<a href=\"https:\/\/e-recht24.de\/\" target=\"_blank\" rel=\"noreferrer noopener\">e-Recht24.de<\/a><\/p>\n","protected":false},"excerpt":{"rendered":"<p>Angaben gem\u00e4\u00df \u00a7 5 TMG: E-Mail: kontakt@spedition-linne.de Werner Linne GmbH &amp; Co. KGBoschstr. 1 32107 Bad Salzuflen Amtsgericht Lemgo HR A 664Sitz: Bad Salzuflen Die Werner Linne GmbH &amp; Co. KG wird vertreten durch die pers\u00f6nlich haftende Gesellschafterin: Spedition Linne GmbH, Boschstr. 3, 32107 Bad Salzuflen, Registergericht: Amtsgericht Lemgo, HRB&#8230;<\/p>\n","protected":false},"author":1,"featured_media":0,"parent":0,"menu_order":0,"comment_status":"closed","ping_status":"closed","template":"","meta":{"footnotes":""},"yoast_head":"<!-- This site is optimized with the Yoast SEO plugin v24.5 - https:\/\/yoast.com\/wordpress\/plugins\/seo\/ -->\n<title>Impressum - Spedition Linne<\/title>\n<meta name=\"robots\" content=\"index, follow, max-snippet:-1, max-image-preview:large, max-video-preview:-1\" \/>\n<link rel=\"canonical\" href=\"https:\/\/www.spedition-linne.de\/?page_id=68\" \/>\n<meta property=\"og:locale\" content=\"de_DE\" \/>\n<meta property=\"og:type\" content=\"article\" \/>\n<meta property=\"og:title\" content=\"Impressum - Spedition Linne\" \/>\n<meta property=\"og:description\" content=\"Angaben gem\u00e4\u00df \u00a7 5 TMG: E-Mail: kontakt@spedition-linne.de Werner Linne GmbH &amp; Co. KGBoschstr. 1 32107 Bad Salzuflen Amtsgericht Lemgo HR A 664Sitz: Bad Salzuflen Die Werner Linne GmbH &amp; Co. KG wird vertreten durch die pers\u00f6nlich haftende Gesellschafterin: Spedition Linne GmbH, Boschstr. 3, 32107 Bad Salzuflen, Registergericht: Amtsgericht Lemgo, HRB...\" \/>\n<meta property=\"og:url\" content=\"https:\/\/www.spedition-linne.de\/?page_id=68\" \/>\n<meta property=\"og:site_name\" content=\"Spedition Linne\" \/>\n<meta property=\"article:modified_time\" content=\"2021-01-19T13:59:14+00:00\" \/>\n<meta name=\"twitter:card\" content=\"summary_large_image\" \/>\n<meta name=\"twitter:label1\" content=\"Gesch\u00e4tzte Lesezeit\" \/>\n\t<meta name=\"twitter:data1\" content=\"2\u00a0Minuten\" \/>\n<script type=\"application\/ld+json\" class=\"yoast-schema-graph\">{\"@context\":\"https:\/\/schema.org\",\"@graph\":[{\"@type\":\"WebPage\",\"@id\":\"https:\/\/www.spedition-linne.de\/?page_id=68\",\"url\":\"https:\/\/www.spedition-linne.de\/?page_id=68\",\"name\":\"Impressum - Spedition Linne\",\"isPartOf\":{\"@id\":\"https:\/\/www.spedition-linne.de\/#website\"},\"datePublished\":\"2019-08-15T16:21:33+00:00\",\"dateModified\":\"2021-01-19T13:59:14+00:00\",\"breadcrumb\":{\"@id\":\"https:\/\/www.spedition-linne.de\/?page_id=68#breadcrumb\"},\"inLanguage\":\"de\",\"potentialAction\":[{\"@type\":\"ReadAction\",\"target\":[\"https:\/\/www.spedition-linne.de\/?page_id=68\"]}]},{\"@type\":\"BreadcrumbList\",\"@id\":\"https:\/\/www.spedition-linne.de\/?page_id=68#breadcrumb\",\"itemListElement\":[{\"@type\":\"ListItem\",\"position\":1,\"name\":\"Startseite\",\"item\":\"https:\/\/www.spedition-linne.de\/\"},{\"@type\":\"ListItem\",\"position\":2,\"name\":\"Impressum\"}]},{\"@type\":\"WebSite\",\"@id\":\"https:\/\/www.spedition-linne.de\/#website\",\"url\":\"https:\/\/www.spedition-linne.de\/\",\"name\":\"Spedition Linne\",\"description\":\"\",\"publisher\":{\"@id\":\"https:\/\/www.spedition-linne.de\/#organization\"},\"potentialAction\":[{\"@type\":\"SearchAction\",\"target\":{\"@type\":\"EntryPoint\",\"urlTemplate\":\"https:\/\/www.spedition-linne.de\/?s={search_term_string}\"},\"query-input\":{\"@type\":\"PropertyValueSpecification\",\"valueRequired\":true,\"valueName\":\"search_term_string\"}}],\"inLanguage\":\"de\"},{\"@type\":\"Organization\",\"@id\":\"https:\/\/www.spedition-linne.de\/#organization\",\"name\":\"Werner Linne GmbH & Co. KG\",\"url\":\"https:\/\/www.spedition-linne.de\/\",\"logo\":{\"@type\":\"ImageObject\",\"inLanguage\":\"de\",\"@id\":\"https:\/\/www.spedition-linne.de\/#\/schema\/logo\/image\/\",\"url\":\"https:\/\/www.spedition-linne.de\/wp-content\/uploads\/2019\/08\/LogoKlein.png\",\"contentUrl\":\"https:\/\/www.spedition-linne.de\/wp-content\/uploads\/2019\/08\/LogoKlein.png\",\"width\":800,\"height\":160,\"caption\":\"Werner Linne GmbH & Co. KG\"},\"image\":{\"@id\":\"https:\/\/www.spedition-linne.de\/#\/schema\/logo\/image\/\"}}]}<\/script>\n<!-- \/ Yoast SEO plugin. -->","yoast_head_json":{"title":"Impressum - Spedition Linne","robots":{"index":"index","follow":"follow","max-snippet":"max-snippet:-1","max-image-preview":"max-image-preview:large","max-video-preview":"max-video-preview:-1"},"canonical":"https:\/\/www.spedition-linne.de\/?page_id=68","og_locale":"de_DE","og_type":"article","og_title":"Impressum - Spedition Linne","og_description":"Angaben gem\u00e4\u00df \u00a7 5 TMG: E-Mail: kontakt@spedition-linne.de Werner Linne GmbH &amp; Co. KGBoschstr. 1 32107 Bad Salzuflen Amtsgericht Lemgo HR A 664Sitz: Bad Salzuflen Die Werner Linne GmbH &amp; Co. KG wird vertreten durch die pers\u00f6nlich haftende Gesellschafterin: Spedition Linne GmbH, Boschstr. 3, 32107 Bad Salzuflen, Registergericht: Amtsgericht Lemgo, HRB...","og_url":"https:\/\/www.spedition-linne.de\/?page_id=68","og_site_name":"Spedition Linne","article_modified_time":"2021-01-19T13:59:14+00:00","twitter_card":"summary_large_image","twitter_misc":{"Gesch\u00e4tzte Lesezeit":"2\u00a0Minuten"},"schema":{"@context":"https:\/\/schema.org","@graph":[{"@type":"WebPage","@id":"https:\/\/www.spedition-linne.de\/?page_id=68","url":"https:\/\/www.spedition-linne.de\/?page_id=68","name":"Impressum - Spedition Linne","isPartOf":{"@id":"https:\/\/www.spedition-linne.de\/#website"},"datePublished":"2019-08-15T16:21:33+00:00","dateModified":"2021-01-19T13:59:14+00:00","breadcrumb":{"@id":"https:\/\/www.spedition-linne.de\/?page_id=68#breadcrumb"},"inLanguage":"de","potentialAction":[{"@type":"ReadAction","target":["https:\/\/www.spedition-linne.de\/?page_id=68"]}]},{"@type":"BreadcrumbList","@id":"https:\/\/www.spedition-linne.de\/?page_id=68#breadcrumb","itemListElement":[{"@type":"ListItem","position":1,"name":"Startseite","item":"https:\/\/www.spedition-linne.de\/"},{"@type":"ListItem","position":2,"name":"Impressum"}]},{"@type":"WebSite","@id":"https:\/\/www.spedition-linne.de\/#website","url":"https:\/\/www.spedition-linne.de\/","name":"Spedition Linne","description":"","publisher":{"@id":"https:\/\/www.spedition-linne.de\/#organization"},"potentialAction":[{"@type":"SearchAction","target":{"@type":"EntryPoint","urlTemplate":"https:\/\/www.spedition-linne.de\/?s={search_term_string}"},"query-input":{"@type":"PropertyValueSpecification","valueRequired":true,"valueName":"search_term_string"}}],"inLanguage":"de"},{"@type":"Organization","@id":"https:\/\/www.spedition-linne.de\/#organization","name":"Werner Linne GmbH & Co. KG","url":"https:\/\/www.spedition-linne.de\/","logo":{"@type":"ImageObject","inLanguage":"de","@id":"https:\/\/www.spedition-linne.de\/#\/schema\/logo\/image\/","url":"https:\/\/www.spedition-linne.de\/wp-content\/uploads\/2019\/08\/LogoKlein.png","contentUrl":"https:\/\/www.spedition-linne.de\/wp-content\/uploads\/2019\/08\/LogoKlein.png","width":800,"height":160,"caption":"Werner Linne GmbH & Co. KG"},"image":{"@id":"https:\/\/www.spedition-linne.de\/#\/schema\/logo\/image\/"}}]}},"_links":{"self":[{"href":"https:\/\/www.spedition-linne.de\/index.php?rest_route=\/wp\/v2\/pages\/68"}],"collection":[{"href":"https:\/\/www.spedition-linne.de\/index.php?rest_route=\/wp\/v2\/pages"}],"about":[{"href":"https:\/\/www.spedition-linne.de\/index.php?rest_route=\/wp\/v2\/types\/page"}],"author":[{"embeddable":true,"href":"https:\/\/www.spedition-linne.de\/index.php?rest_route=\/wp\/v2\/users\/1"}],"replies":[{"embeddable":true,"href":"https:\/\/www.spedition-linne.de\/index.php?rest_route=%2Fwp%2Fv2%2Fcomments&post=68"}],"version-history":[{"count":11,"href":"https:\/\/www.spedition-linne.de\/index.php?rest_route=\/wp\/v2\/pages\/68\/revisions"}],"predecessor-version":[{"id":324,"href":"https:\/\/www.spedition-linne.de\/index.php?rest_route=\/wp\/v2\/pages\/68\/revisions\/324"}],"wp:attachment":[{"href":"https:\/\/www.spedition-linne.de\/index.php?rest_route=%2Fwp%2Fv2%2Fmedia&parent=68"}],"curies":[{"name":"wp","href":"https:\/\/api.w.org\/{rel}","templated":true}]}}